{"id":294,"date":"2024-03-15T08:59:34","date_gmt":"2024-03-15T07:59:34","guid":{"rendered":"https:\/\/www.agstudio.digital\/bbfinance\/?page_id=294"},"modified":"2025-04-26T15:11:13","modified_gmt":"2025-04-26T13:11:13","slug":"chi-siamo","status":"publish","type":"page","link":"https:\/\/bbfinance.net\/en\/chi-siamo\/","title":{"rendered":"WHO WE ARE"},"content":{"rendered":"<div data-elementor-type=\"wp-page\" data-elementor-id=\"294\" class=\"elementor elementor-294\">\n\t\t\t\t<div class=\"elementor-element elementor-element-eebf505 e-flex e-con-boxed wpr-particle-no wpr-jarallax-no wpr-parallax-no e-con e-parent\" data-id=\"eebf505\" data-element_type=\"container\" data-e-type=\"container\" data-settings=\"{&quot;background_background&quot;:&quot;gradient&quot;}\">\n\t\t\t\t\t<div class=\"e-con-inner\">\n\t\t\t\t<div class=\"elementor-element elementor-element-dc30308 animated-slow elementor-invisible elementor-widget elementor-widget-text-editor\" data-id=\"dc30308\" data-element_type=\"widget\" data-e-type=\"widget\" data-settings=\"{&quot;_animation&quot;:&quot;fadeIn&quot;,&quot;_animation_mobile&quot;:&quot;none&quot;,&quot;_animation_delay&quot;:300}\" data-widget_type=\"text-editor.default\">\n\t\t\t\t<div class=\"elementor-widget-container\">\n\t\t\t\t\t\t\t\t\tCHI<span style=\"font-weight: 300;\"> SIAMO<\/span>\t\t\t\t\t\t\t\t<\/div>\n\t\t\t\t<\/div>\n\t\t\t\t\t<\/div>\n\t\t\t\t<\/div>\n\t\t\t\t<section class=\"elementor-section elementor-top-section elementor-element elementor-element-1147a7a elementor-section-boxed elementor-section-height-default elementor-section-height-default wpr-particle-no wpr-jarallax-no wpr-parallax-no wpr-sticky-section-no\" data-id=\"1147a7a\" data-element_type=\"section\" data-e-type=\"section\">\n\t\t\t\t\t\t<div class=\"elementor-container elementor-column-gap-default\">\n\t\t\t\t\t<div class=\"elementor-column elementor-col-100 elementor-top-column elementor-element elementor-element-9806ed0\" data-id=\"9806ed0\" data-element_type=\"column\" data-e-type=\"column\">\n\t\t\t<div class=\"elementor-widget-wrap elementor-element-populated\">\n\t\t\t\t\t\t<div class=\"elementor-element elementor-element-ab39564 elementor-widget-mobile__width-initial elementor-invisible elementor-widget elementor-widget-icon-box\" data-id=\"ab39564\" data-element_type=\"widget\" data-e-type=\"widget\" data-settings=\"{&quot;_animation&quot;:&quot;fadeInRight&quot;}\" data-widget_type=\"icon-box.default\">\n\t\t\t\t<div class=\"elementor-widget-container\">\n\t\t\t\t\t\t\t<div class=\"elementor-icon-box-wrapper\">\n\n\t\t\t\n\t\t\t\t\t\t<div class=\"elementor-icon-box-content\">\n\n\t\t\t\t\t\t\t\t\t<h3 class=\"elementor-icon-box-title\">\n\t\t\t\t\t\t<span  >\n\t\t\t\t\t\t\tBull &amp; Bear Finance <span style=\"font-weight: 300\">srl <\/span>\t\t\t\t\t\t<\/span>\n\t\t\t\t\t<\/h3>\n\t\t\t\t\n\t\t\t\t\t\t\t\t\t<p class=\"elementor-icon-box-description\">\n\t\t\t\t\t\t nasce dalla scissione del ramo informatico della societ\u00e0 Bull &amp; Bear srl \u2013 Servizi Finanziari, societ\u00e0 attiva dal 1996 nel settore finanziario, e di questa continua l\u2019attivit\u00e0 aziendale riguardante la vendita di software e trasmissione dati di borsa iniziata in tale data.\t\t\t\t\t<\/p>\n\t\t\t\t\n\t\t\t<\/div>\n\t\t\t\n\t\t<\/div>\n\t\t\t\t\t\t<\/div>\n\t\t\t\t<\/div>\n\t\t\t\t\t<\/div>\n\t\t<\/div>\n\t\t\t\t\t<\/div>\n\t\t<\/section>\n\t\t<div class=\"elementor-element elementor-element-8c6ea5f e-flex e-con-boxed wpr-particle-no wpr-jarallax-no wpr-parallax-no wpr-sticky-section-no e-con e-parent\" data-id=\"8c6ea5f\" data-element_type=\"container\" data-e-type=\"container\">\n\t\t\t\t\t<div class=\"e-con-inner\">\n\t\t\t\t<div class=\"elementor-element elementor-element-615a997 elementor-widget elementor-widget-text-editor\" data-id=\"615a997\" data-element_type=\"widget\" data-e-type=\"widget\" data-widget_type=\"text-editor.default\">\n\t\t\t\t<div class=\"elementor-widget-container\">\n\t\t\t\t\t\t\t\t\t<p><strong>La nuova societ\u00e0<\/strong> si occupa prevalentemente dello sviluppo di applicazioni software e fornitura di dati inerenti il settore finanziario, fornendo i propri servizi a Societ\u00e0 di Gestione del Risparmio, Banche, Sim, consulenti finanziari e alle pi\u00f9 importanti associazioni di analisti;<\/p><p><strong>la stessa attenzione<\/strong> \u00e8 rivolta agli investitori privati, dal trader privato al piccolo investitore in azioni, che usufriuscono tutti degli stessi servizi rivolti ai professionisti.<\/p><p><strong>Bull &amp; Bear Finance sr<\/strong>l collabora con importanti ed affermate societ\u00e0 italiane ed estere per quel che riguarda la commercializzazione di terminali di borsa in tempo reale (Thomson Reuters) e per la fornitura di software finanziari quali Metastock, Elwave, Multicharts, Tradestation, Omintrader, Ganntrader, ecc\u2026<\/p><p><strong>Dal 2009<\/strong> siamo rivenditori ufficiali dei software Metastock.<\/p><p><strong>Nel 2010<\/strong> we have completed the BBChart technical analysis software that we provide free of charge to our data service subscribers<\/p><p><strong>Chiunque<\/strong> intenda affrontare il complicato universo della borsa, pu\u00f2 cos\u00ec trovare da noi tutti gli strumenti necessari per operare al meglio, secondo le proprie esigenze, ed uscire cos\u00ec da quello che comunemente \u00e8 definito il parco \u201cbuoi\u201d.<\/p>\t\t\t\t\t\t\t\t<\/div>\n\t\t\t\t<\/div>\n\t\t\t\t\t<\/div>\n\t\t\t\t<\/div>\n\t\t<div class=\"elementor-element elementor-element-a8c9b45 e-flex e-con-boxed wpr-particle-no wpr-jarallax-no wpr-parallax-no wpr-sticky-section-no e-con e-parent\" data-id=\"a8c9b45\" data-element_type=\"container\" data-e-type=\"container\">\n\t\t\t\t\t<div class=\"e-con-inner\">\n\t\t\t\t<div class=\"elementor-element elementor-element-abf0797 elementor-widget-divider--view-line elementor-widget elementor-widget-divider\" data-id=\"abf0797\" data-element_type=\"widget\" data-e-type=\"widget\" data-widget_type=\"divider.default\">\n\t\t\t\t<div class=\"elementor-widget-container\">\n\t\t\t\t\t\t\t<div class=\"elementor-divider\">\n\t\t\t<span class=\"elementor-divider-separator\">\n\t\t\t\t\t\t<\/span>\n\t\t<\/div>\n\t\t\t\t\t\t<\/div>\n\t\t\t\t<\/div>\n\t\t\t\t\t<\/div>\n\t\t\t\t<\/div>\n\t\t<div class=\"elementor-element elementor-element-0932ca3 e-flex e-con-boxed wpr-particle-no wpr-jarallax-no wpr-parallax-no wpr-sticky-section-no e-con e-parent\" data-id=\"0932ca3\" data-element_type=\"container\" data-e-type=\"container\">\n\t\t\t\t\t<div class=\"e-con-inner\">\n\t\t\t\t<div class=\"elementor-element elementor-element-b616949 elementor-widget elementor-widget-text-editor\" data-id=\"b616949\" data-element_type=\"widget\" data-e-type=\"widget\" data-widget_type=\"text-editor.default\">\n\t\t\t\t<div class=\"elementor-widget-container\">\n\t\t\t\t\t\t\t\t\t<p><strong>Bull &amp; Bear Finance s.r.l.<\/strong><\/p><p>Codice fiscale e partita\u00a0<span class=\"caps\">IVA<\/span>: 02107790228<br \/>Codice\u00a0<span class=\"caps\">SDI<\/span>: KRRH6B9<br \/>Capitale sociale: Euro 12.000,00 interamento versato<br \/>Registro imprese:\u00a0<span class=\"caps\">TRENTO<\/span>\u00a0nr. 02107790228<br \/>Numero\u00a0<span class=\"caps\">REA<\/span>\u00a0TN \u2013 0200778<\/p><p><strong>Registered Office<\/strong>: Via Mazzini, 17 \u2013 38122\u00a0<span class=\"caps\">TRENTO<\/span>,\u00a0<span class=\"caps\">Italy<\/span><\/p><p><strong>IT Development Headquarters:\u00a0<\/strong>Bleichenweg 13b \u2013 6020\u00a0Innsbruck,\u00a0<span class=\"caps\">AUSTRIA<\/span><\/p>\t\t\t\t\t\t\t\t<\/div>\n\t\t\t\t<\/div>\n\t\t\t\t\t<\/div>\n\t\t\t\t<\/div>\n\t\t\t\t<\/div>","protected":false},"excerpt":{"rendered":"<p>WHO WE ARE Bull &amp; Bear Finance srl was born from the spin-off of the IT division of Bull &amp; Bear srl<\/p>","protected":false},"author":1,"featured_media":0,"parent":0,"menu_order":0,"comment_status":"closed","ping_status":"closed","template":"elementor_header_footer","meta":{"footnotes":""},"class_list":["post-294","page","type-page","status-publish","hentry"],"yoast_head":"<!-- This site is optimized with the Yoast SEO plugin v27.1.1 - https:\/\/yoast.com\/product\/yoast-seo-wordpress\/ -->\n<title>Chi Siamo | Bull &amp; Bear Finance - Dal 1996 nel Settore Finanziario<\/title>\n<meta name=\"description\" content=\"Bull &amp; Bear Finance: sviluppo software e fornitura dati finanziari dal 1996. Rivenditore ufficiale Metastock dal 2009. Servizi per SGR, banche, SIM e investitori privati.\" \/>\n<meta name=\"robots\" content=\"index, follow, max-snippet:-1, max-image-preview:large, max-video-preview:-1\" \/>\n<link rel=\"canonical\" href=\"https:\/\/bbfinance.net\/en\/chi-siamo\/\" \/>\n<meta property=\"og:locale\" content=\"en_GB\" \/>\n<meta property=\"og:type\" content=\"article\" \/>\n<meta property=\"og:title\" content=\"Chi Siamo | Bull &amp; Bear Finance - Dal 1996 nel Settore Finanziario\" \/>\n<meta property=\"og:description\" content=\"Bull &amp; Bear Finance: sviluppo software e fornitura dati finanziari dal 1996. Rivenditore ufficiale Metastock dal 2009. Servizi per SGR, banche, SIM e investitori privati.\" \/>\n<meta property=\"og:url\" content=\"https:\/\/bbfinance.net\/en\/chi-siamo\/\" \/>\n<meta property=\"og:site_name\" content=\"BBFINANCE\" \/>\n<meta property=\"article:modified_time\" content=\"2025-04-26T13:11:13+00:00\" \/>\n<meta name=\"twitter:card\" content=\"summary_large_image\" \/>\n<meta name=\"twitter:label1\" content=\"Estimated reading time\" \/>\n\t<meta name=\"twitter:data1\" content=\"2 minutes\" \/>\n<script type=\"application\/ld+json\" class=\"yoast-schema-graph\">{\"@context\":\"https:\/\/schema.org\",\"@graph\":[{\"@type\":\"WebPage\",\"@id\":\"https:\/\/bbfinance.net\/chi-siamo\/\",\"url\":\"https:\/\/bbfinance.net\/chi-siamo\/\",\"name\":\"Chi Siamo | Bull & Bear Finance - Dal 1996 nel Settore Finanziario\",\"isPartOf\":{\"@id\":\"https:\/\/bbfinance.net\/#website\"},\"datePublished\":\"2024-03-15T07:59:34+00:00\",\"dateModified\":\"2025-04-26T13:11:13+00:00\",\"description\":\"Bull & Bear Finance: sviluppo software e fornitura dati finanziari dal 1996. Rivenditore ufficiale Metastock dal 2009. Servizi per SGR, banche, SIM e investitori privati.\",\"breadcrumb\":{\"@id\":\"https:\/\/bbfinance.net\/chi-siamo\/#breadcrumb\"},\"inLanguage\":\"en-GB\",\"potentialAction\":[{\"@type\":\"ReadAction\",\"target\":[\"https:\/\/bbfinance.net\/chi-siamo\/\"]}]},{\"@type\":\"BreadcrumbList\",\"@id\":\"https:\/\/bbfinance.net\/chi-siamo\/#breadcrumb\",\"itemListElement\":[{\"@type\":\"ListItem\",\"position\":1,\"name\":\"Home\",\"item\":\"https:\/\/bbfinance.net\/\"},{\"@type\":\"ListItem\",\"position\":2,\"name\":\"CHI SIAMO\"}]},{\"@type\":\"WebSite\",\"@id\":\"https:\/\/bbfinance.net\/#website\",\"url\":\"https:\/\/bbfinance.net\/\",\"name\":\"BBFINANCE\",\"description\":\"\",\"publisher\":{\"@id\":\"https:\/\/bbfinance.net\/#organization\"},\"potentialAction\":[{\"@type\":\"SearchAction\",\"target\":{\"@type\":\"EntryPoint\",\"urlTemplate\":\"https:\/\/bbfinance.net\/?s={search_term_string}\"},\"query-input\":{\"@type\":\"PropertyValueSpecification\",\"valueRequired\":true,\"valueName\":\"search_term_string\"}}],\"inLanguage\":\"en-GB\"},{\"@type\":\"Organization\",\"@id\":\"https:\/\/bbfinance.net\/#organization\",\"name\":\"BBFINANCE\",\"url\":\"https:\/\/bbfinance.net\/\",\"logo\":{\"@type\":\"ImageObject\",\"inLanguage\":\"en-GB\",\"@id\":\"https:\/\/bbfinance.net\/#\/schema\/logo\/image\/\",\"url\":\"https:\/\/bbfinance.net\/wp-content\/uploads\/2025\/04\/logo_small.png\",\"contentUrl\":\"https:\/\/bbfinance.net\/wp-content\/uploads\/2025\/04\/logo_small.png\",\"width\":69,\"height\":40,\"caption\":\"BBFINANCE\"},\"image\":{\"@id\":\"https:\/\/bbfinance.net\/#\/schema\/logo\/image\/\"}}]}<\/script>\n<!-- \/ Yoast SEO plugin. -->","yoast_head_json":{"title":"Chi Siamo | Bull & Bear Finance - Dal 1996 nel Settore Finanziario","description":"Bull & Bear Finance: sviluppo software e fornitura dati finanziari dal 1996. Rivenditore ufficiale Metastock dal 2009. Servizi per SGR, banche, SIM e investitori privati.","robots":{"index":"index","follow":"follow","max-snippet":"max-snippet:-1","max-image-preview":"max-image-preview:large","max-video-preview":"max-video-preview:-1"},"canonical":"https:\/\/bbfinance.net\/en\/chi-siamo\/","og_locale":"en_GB","og_type":"article","og_title":"Chi Siamo | Bull & Bear Finance - Dal 1996 nel Settore Finanziario","og_description":"Bull & Bear Finance: sviluppo software e fornitura dati finanziari dal 1996. Rivenditore ufficiale Metastock dal 2009. Servizi per SGR, banche, SIM e investitori privati.","og_url":"https:\/\/bbfinance.net\/en\/chi-siamo\/","og_site_name":"BBFINANCE","article_modified_time":"2025-04-26T13:11:13+00:00","twitter_card":"summary_large_image","twitter_misc":{"Estimated reading time":"2 minutes"},"schema":{"@context":"https:\/\/schema.org","@graph":[{"@type":"WebPage","@id":"https:\/\/bbfinance.net\/chi-siamo\/","url":"https:\/\/bbfinance.net\/chi-siamo\/","name":"Chi Siamo | Bull & Bear Finance - Dal 1996 nel Settore Finanziario","isPartOf":{"@id":"https:\/\/bbfinance.net\/#website"},"datePublished":"2024-03-15T07:59:34+00:00","dateModified":"2025-04-26T13:11:13+00:00","description":"Bull & Bear Finance: sviluppo software e fornitura dati finanziari dal 1996. Rivenditore ufficiale Metastock dal 2009. Servizi per SGR, banche, SIM e investitori privati.","breadcrumb":{"@id":"https:\/\/bbfinance.net\/chi-siamo\/#breadcrumb"},"inLanguage":"en-GB","potentialAction":[{"@type":"ReadAction","target":["https:\/\/bbfinance.net\/chi-siamo\/"]}]},{"@type":"BreadcrumbList","@id":"https:\/\/bbfinance.net\/chi-siamo\/#breadcrumb","itemListElement":[{"@type":"ListItem","position":1,"name":"Home","item":"https:\/\/bbfinance.net\/"},{"@type":"ListItem","position":2,"name":"CHI SIAMO"}]},{"@type":"WebSite","@id":"https:\/\/bbfinance.net\/#website","url":"https:\/\/bbfinance.net\/","name":"BBFINANCE","description":"","publisher":{"@id":"https:\/\/bbfinance.net\/#organization"},"potentialAction":[{"@type":"SearchAction","target":{"@type":"EntryPoint","urlTemplate":"https:\/\/bbfinance.net\/?s={search_term_string}"},"query-input":{"@type":"PropertyValueSpecification","valueRequired":true,"valueName":"search_term_string"}}],"inLanguage":"en-GB"},{"@type":"Organization","@id":"https:\/\/bbfinance.net\/#organization","name":"BBFINANCE","url":"https:\/\/bbfinance.net\/","logo":{"@type":"ImageObject","inLanguage":"en-GB","@id":"https:\/\/bbfinance.net\/#\/schema\/logo\/image\/","url":"https:\/\/bbfinance.net\/wp-content\/uploads\/2025\/04\/logo_small.png","contentUrl":"https:\/\/bbfinance.net\/wp-content\/uploads\/2025\/04\/logo_small.png","width":69,"height":40,"caption":"BBFINANCE"},"image":{"@id":"https:\/\/bbfinance.net\/#\/schema\/logo\/image\/"}}]}},"_links":{"self":[{"href":"https:\/\/bbfinance.net\/en\/wp-json\/wp\/v2\/pages\/294","targetHints":{"allow":["GET"]}}],"collection":[{"href":"https:\/\/bbfinance.net\/en\/wp-json\/wp\/v2\/pages"}],"about":[{"href":"https:\/\/bbfinance.net\/en\/wp-json\/wp\/v2\/types\/page"}],"author":[{"embeddable":true,"href":"https:\/\/bbfinance.net\/en\/wp-json\/wp\/v2\/users\/1"}],"replies":[{"embeddable":true,"href":"https:\/\/bbfinance.net\/en\/wp-json\/wp\/v2\/comments?post=294"}],"version-history":[{"count":26,"href":"https:\/\/bbfinance.net\/en\/wp-json\/wp\/v2\/pages\/294\/revisions"}],"predecessor-version":[{"id":1523,"href":"https:\/\/bbfinance.net\/en\/wp-json\/wp\/v2\/pages\/294\/revisions\/1523"}],"wp:attachment":[{"href":"https:\/\/bbfinance.net\/en\/wp-json\/wp\/v2\/media?parent=294"}],"curies":[{"name":"wp","href":"https:\/\/api.w.org\/{rel}","templated":true}]}}