{"id":817,"date":"2024-03-18T17:21:58","date_gmt":"2024-03-18T16:21:58","guid":{"rendered":"https:\/\/www.agstudio.digital\/bbfinance\/?page_id=817"},"modified":"2025-03-22T13:56:50","modified_gmt":"2025-03-22T12:56:50","slug":"domande-commerciali","status":"publish","type":"page","link":"https:\/\/bbfinance.net\/en\/domande-commerciali\/","title":{"rendered":"domande-commerciali"},"content":{"rendered":"<div data-elementor-type=\"wp-page\" data-elementor-id=\"817\" class=\"elementor elementor-817\">\n\t\t\t\t<div class=\"elementor-element elementor-element-e1f9b17 e-flex e-con-boxed wpr-particle-no wpr-jarallax-no wpr-parallax-no e-con e-parent\" data-id=\"e1f9b17\" data-element_type=\"container\" data-e-type=\"container\" data-settings=\"{&quot;background_background&quot;:&quot;gradient&quot;}\">\n\t\t\t\t\t<div class=\"e-con-inner\">\n\t\t\t\t<div class=\"elementor-element elementor-element-ab21a3f animated-slow elementor-invisible elementor-widget elementor-widget-text-editor\" data-id=\"ab21a3f\" data-element_type=\"widget\" data-e-type=\"widget\" data-settings=\"{&quot;_animation&quot;:&quot;fadeIn&quot;,&quot;_animation_mobile&quot;:&quot;none&quot;,&quot;_animation_delay&quot;:300}\" data-widget_type=\"text-editor.default\">\n\t\t\t\t<div class=\"elementor-widget-container\">\n\t\t\t\t\t\t\t\t\t<p class=\"translation-block\">SUPPORT <span style=\"font-weight: 300\"> BUSINESS QUESTIONS<\/span><\/p>\t\t\t\t\t\t\t\t<\/div>\n\t\t\t\t<\/div>\n\t\t\t\t\t<\/div>\n\t\t\t\t<\/div>\n\t\t\t\t<section class=\"elementor-section elementor-top-section elementor-element elementor-element-4a7c8d3 elementor-section-boxed elementor-section-height-default elementor-section-height-default wpr-particle-no wpr-jarallax-no wpr-parallax-no wpr-sticky-section-no\" data-id=\"4a7c8d3\" data-element_type=\"section\" data-e-type=\"section\">\n\t\t\t\t\t\t<div class=\"elementor-container elementor-column-gap-default\">\n\t\t\t\t\t<div class=\"elementor-column elementor-col-100 elementor-top-column elementor-element elementor-element-5d4c03e\" data-id=\"5d4c03e\" data-element_type=\"column\" data-e-type=\"column\">\n\t\t\t<div class=\"elementor-widget-wrap elementor-element-populated\">\n\t\t\t\t\t\t<div class=\"elementor-element elementor-element-760968c elementor-widget-mobile__width-initial elementor-invisible elementor-widget elementor-widget-icon-box\" data-id=\"760968c\" data-element_type=\"widget\" data-e-type=\"widget\" data-settings=\"{&quot;_animation&quot;:&quot;fadeInRight&quot;}\" data-widget_type=\"icon-box.default\">\n\t\t\t\t<div class=\"elementor-widget-container\">\n\t\t\t\t\t\t\t<div class=\"elementor-icon-box-wrapper\">\n\n\t\t\t\n\t\t\t\t\t\t<div class=\"elementor-icon-box-content\">\n\n\t\t\t\t\t\t\t\t\t<h3 class=\"elementor-icon-box-title translation-block\"><span>\nWelcome <span style=\"font-weight: 300\">to our business support page<\/span> <\/span><\/h3>\n\t\t\t\t\n\t\t\t\t\t\t\t\t\t<p class=\"elementor-icon-box-description\">\n\t\t\t\t\t\tBenvenuti alla nostra pagina dedicata alle domande commerciali sui nostri software finanziari. Troverete informazioni dettagliate su licenze, abbonamenti, opzioni di pagamento e tutte le altre questioni legate agli aspetti commerciali del nostro prodotto. Qui troverete risposte alle domande pi\u00f9 comuni riguardanti prezzi, piani di abbonamento, aggiornamenti e politiche di licenza. Se avete domande specifiche o richieste personalizzate, non esitate a contattarci direttamente tramite i nostri canali di assistenza clienti. Siamo qui per garantire che la vostra esperienza con i nostri software finanziari sia trasparente e soddisfacente.\t\t\t\t\t<\/p>\n\t\t\t\t\n\t\t\t<\/div>\n\t\t\t\n\t\t<\/div>\n\t\t\t\t\t\t<\/div>\n\t\t\t\t<\/div>\n\t\t\t\t\t<\/div>\n\t\t<\/div>\n\t\t\t\t\t<\/div>\n\t\t<\/section>\n\t\t<div class=\"elementor-element elementor-element-32794c9 e-grid e-con-full wpr-particle-no wpr-jarallax-no wpr-parallax-no wpr-sticky-section-no e-con e-parent\" data-id=\"32794c9\" data-element_type=\"container\" data-e-type=\"container\">\n\t\t\t\t<div class=\"elementor-element elementor-element-3aab314 elementor-widget elementor-widget-accordion\" data-id=\"3aab314\" data-element_type=\"widget\" data-e-type=\"widget\" data-widget_type=\"accordion.default\">\n\t\t\t\t<div class=\"elementor-widget-container\">\n\t\t\t\t\t\t\t<div class=\"elementor-accordion\">\n\t\t\t\t\t\t\t<div class=\"elementor-accordion-item\">\n\t\t\t\t\t<div id=\"elementor-tab-title-6151\" class=\"elementor-tab-title\" data-tab=\"1\" role=\"button\" aria-controls=\"elementor-tab-content-6151\" aria-expanded=\"false\">\n\t\t\t\t\t\t\t\t\t\t\t\t\t<span class=\"elementor-accordion-icon elementor-accordion-icon-left\" aria-hidden=\"true\">\n\t\t\t\t\t\t\t\t\t\t\t\t\t\t\t<span class=\"elementor-accordion-icon-closed\"><svg class=\"e-font-icon-svg e-fas-plus\" viewbox=\"0 0 448 512\" xmlns=\"http:\/\/www.w3.org\/2000\/svg\"><path d=\"M416 208H272V64c0-17.67-14.33-32-32-32h-32c-17.67 0-32 14.33-32 32v144H32c-17.67 0-32 14.33-32 32v32c0 17.67 14.33 32 32 32h144v144c0 17.67 14.33 32 32 32h32c17.67 0 32-14.33 32-32V304h144c17.67 0 32-14.33 32-32v-32c0-17.67-14.33-32-32-32z\"><\/path><\/svg><\/span>\n\t\t\t\t\t\t\t\t<span class=\"elementor-accordion-icon-opened\"><svg class=\"e-font-icon-svg e-fas-minus\" viewbox=\"0 0 448 512\" xmlns=\"http:\/\/www.w3.org\/2000\/svg\"><path d=\"M416 208H32c-17.67 0-32 14.33-32 32v32c0 17.67 14.33 32 32 32h384c17.67 0 32-14.33 32-32v-32c0-17.67-14.33-32-32-32z\"><\/path><\/svg><\/span>\n\t\t\t\t\t\t\t\t\t\t\t\t\t\t<\/span>\n\t\t\t\t\t\t\t\t\t\t\t\t<a class=\"elementor-accordion-title\" tabindex=\"0\">I need to make a bank transfer, what is your IBAN?<\/a>\n\t\t\t\t\t<\/div>\n\t\t\t\t\t<div id=\"elementor-tab-content-6151\" class=\"elementor-tab-content elementor-clearfix\" data-tab=\"1\" role=\"region\" aria-labelledby=\"elementor-tab-title-6151\"><p>Our bank details are:<\/p><p><strong><span class=\"caps\">IBAN<\/span>: IT 21 P 06045 01801 000007300816<\/strong><br \/><span class=\"caps\">BANCA: CASSA DI RISPARMIO &#8211; SPARKASSE<br \/><\/span>SWIFT: CRBZIT2BXXX<\/p><p><span class=\"caps\">Intestato a: Bull &amp; Bear Finance s.r.l.<br \/><\/span>Via Mazzini 17 \u2013 38122\u00a0<span class=\"caps\">TRENTO<\/span><\/p><p>You can send us a copy of the accounting by fax 0461.984060 or by email info@bbfinance.net<\/p><p class=\"translation-block\">To pay by credit card use the following link:<br><a href=\"http:\/\/ecomm.bbfinance.net\/payment\/\" target=\"_self\">https:\/\/ecomm.bbfinance.net\/payment<\/a><\/p><\/div>\n\t\t\t\t<\/div>\n\t\t\t\t\t\t\t<div class=\"elementor-accordion-item\">\n\t\t\t\t\t<div id=\"elementor-tab-title-6152\" class=\"elementor-tab-title\" data-tab=\"2\" role=\"button\" aria-controls=\"elementor-tab-content-6152\" aria-expanded=\"false\">\n\t\t\t\t\t\t\t\t\t\t\t\t\t<span class=\"elementor-accordion-icon elementor-accordion-icon-left\" aria-hidden=\"true\">\n\t\t\t\t\t\t\t\t\t\t\t\t\t\t\t<span class=\"elementor-accordion-icon-closed\"><svg class=\"e-font-icon-svg e-fas-plus\" viewbox=\"0 0 448 512\" xmlns=\"http:\/\/www.w3.org\/2000\/svg\"><path d=\"M416 208H272V64c0-17.67-14.33-32-32-32h-32c-17.67 0-32 14.33-32 32v144H32c-17.67 0-32 14.33-32 32v32c0 17.67 14.33 32 32 32h144v144c0 17.67 14.33 32 32 32h32c17.67 0 32-14.33 32-32V304h144c17.67 0 32-14.33 32-32v-32c0-17.67-14.33-32-32-32z\"><\/path><\/svg><\/span>\n\t\t\t\t\t\t\t\t<span class=\"elementor-accordion-icon-opened\"><svg class=\"e-font-icon-svg e-fas-minus\" viewbox=\"0 0 448 512\" xmlns=\"http:\/\/www.w3.org\/2000\/svg\"><path d=\"M416 208H32c-17.67 0-32 14.33-32 32v32c0 17.67 14.33 32 32 32h384c17.67 0 32-14.33 32-32v-32c0-17.67-14.33-32-32-32z\"><\/path><\/svg><\/span>\n\t\t\t\t\t\t\t\t\t\t\t\t\t\t<\/span>\n\t\t\t\t\t\t\t\t\t\t\t\t<a class=\"elementor-accordion-title\" tabindex=\"0\">I would like to add a form.<\/a>\n\t\t\t\t\t<\/div>\n\t\t\t\t\t<div id=\"elementor-tab-content-6152\" class=\"elementor-tab-content elementor-clearfix\" data-tab=\"2\" role=\"region\" aria-labelledby=\"elementor-tab-title-6152\"><p>Se sei gi\u00e0 abbonato al nostro servizio dati e desideri aggiungere un modulo registrati e accedi all&#8217;area utenti del nostro qui potrai aggiungere in automatico i moduli che preferisci.<br \/>Il nuovo modulo verr\u00e0 aggiunto al servizio gi\u00e0 sottoscritto ed andr\u00e0 a scadere alla stessa data, con pagamento pro quota calcolato dal momento dell\u2019aggiunta a quello di scadenza dell\u2019abbonamento.<\/p><\/div>\n\t\t\t\t<\/div>\n\t\t\t\t\t\t\t<div class=\"elementor-accordion-item\">\n\t\t\t\t\t<div id=\"elementor-tab-title-6153\" class=\"elementor-tab-title\" data-tab=\"3\" role=\"button\" aria-controls=\"elementor-tab-content-6153\" aria-expanded=\"false\">\n\t\t\t\t\t\t\t\t\t\t\t\t\t<span class=\"elementor-accordion-icon elementor-accordion-icon-left\" aria-hidden=\"true\">\n\t\t\t\t\t\t\t\t\t\t\t\t\t\t\t<span class=\"elementor-accordion-icon-closed\"><svg class=\"e-font-icon-svg e-fas-plus\" viewbox=\"0 0 448 512\" xmlns=\"http:\/\/www.w3.org\/2000\/svg\"><path d=\"M416 208H272V64c0-17.67-14.33-32-32-32h-32c-17.67 0-32 14.33-32 32v144H32c-17.67 0-32 14.33-32 32v32c0 17.67 14.33 32 32 32h144v144c0 17.67 14.33 32 32 32h32c17.67 0 32-14.33 32-32V304h144c17.67 0 32-14.33 32-32v-32c0-17.67-14.33-32-32-32z\"><\/path><\/svg><\/span>\n\t\t\t\t\t\t\t\t<span class=\"elementor-accordion-icon-opened\"><svg class=\"e-font-icon-svg e-fas-minus\" viewbox=\"0 0 448 512\" xmlns=\"http:\/\/www.w3.org\/2000\/svg\"><path d=\"M416 208H32c-17.67 0-32 14.33-32 32v32c0 17.67 14.33 32 32 32h384c17.67 0 32-14.33 32-32v-32c0-17.67-14.33-32-32-32z\"><\/path><\/svg><\/span>\n\t\t\t\t\t\t\t\t\t\t\t\t\t\t<\/span>\n\t\t\t\t\t\t\t\t\t\t\t\t<a class=\"elementor-accordion-title\" tabindex=\"0\">How much does BBChart cost?<\/a>\n\t\t\t\t\t<\/div>\n\t\t\t\t\t<div id=\"elementor-tab-content-6153\" class=\"elementor-tab-content elementor-clearfix\" data-tab=\"3\" role=\"region\" aria-labelledby=\"elementor-tab-title-6153\"><p>BBChart costs nothing, it is provided free of charge to all those who subscribe to the stock market data service. You just need to request it.<\/p><p>No problem\u00e2\u20ac\u00a6 by subscribing to the data service you will have free use of the BBChart software, which will allow you to view stock market data in daily and intraday graphic form and to carry out all the major technical analysis studies (Trendlines, Indicators, Oscillators, Gann, Fibonacci, Candlestick, etc.).<\/p><\/div>\n\t\t\t\t<\/div>\n\t\t\t\t\t\t\t\t<\/div>\n\t\t\t\t\t\t<\/div>\n\t\t\t\t<\/div>\n\t\t\t\t<div class=\"elementor-element elementor-element-22c1895 elementor-widget elementor-widget-accordion\" data-id=\"22c1895\" data-element_type=\"widget\" data-e-type=\"widget\" data-widget_type=\"accordion.default\">\n\t\t\t\t<div class=\"elementor-widget-container\">\n\t\t\t\t\t\t\t<div class=\"elementor-accordion\">\n\t\t\t\t\t\t\t<div class=\"elementor-accordion-item\">\n\t\t\t\t\t<div id=\"elementor-tab-title-3641\" class=\"elementor-tab-title\" data-tab=\"1\" role=\"button\" aria-controls=\"elementor-tab-content-3641\" aria-expanded=\"false\">\n\t\t\t\t\t\t\t\t\t\t\t\t\t<span class=\"elementor-accordion-icon elementor-accordion-icon-left\" aria-hidden=\"true\">\n\t\t\t\t\t\t\t\t\t\t\t\t\t\t\t<span class=\"elementor-accordion-icon-closed\"><svg class=\"e-font-icon-svg e-fas-plus\" viewbox=\"0 0 448 512\" xmlns=\"http:\/\/www.w3.org\/2000\/svg\"><path d=\"M416 208H272V64c0-17.67-14.33-32-32-32h-32c-17.67 0-32 14.33-32 32v144H32c-17.67 0-32 14.33-32 32v32c0 17.67 14.33 32 32 32h144v144c0 17.67 14.33 32 32 32h32c17.67 0 32-14.33 32-32V304h144c17.67 0 32-14.33 32-32v-32c0-17.67-14.33-32-32-32z\"><\/path><\/svg><\/span>\n\t\t\t\t\t\t\t\t<span class=\"elementor-accordion-icon-opened\"><svg class=\"e-font-icon-svg e-fas-minus\" viewbox=\"0 0 448 512\" xmlns=\"http:\/\/www.w3.org\/2000\/svg\"><path d=\"M416 208H32c-17.67 0-32 14.33-32 32v32c0 17.67 14.33 32 32 32h384c17.67 0 32-14.33 32-32v-32c0-17.67-14.33-32-32-32z\"><\/path><\/svg><\/span>\n\t\t\t\t\t\t\t\t\t\t\t\t\t\t<\/span>\n\t\t\t\t\t\t\t\t\t\t\t\t<a class=\"elementor-accordion-title\" tabindex=\"0\">How do I sign up for a data subscription?<\/a>\n\t\t\t\t\t<\/div>\n\t\t\t\t\t<div id=\"elementor-tab-content-3641\" class=\"elementor-tab-content elementor-clearfix\" data-tab=\"1\" role=\"region\" aria-labelledby=\"elementor-tab-title-3641\"><p>La procedura di sottoscrizione \u00e8 on-line:<\/p><p>\u00e2\u20ac\u201c click on the DATA SERVICE menu<\/p><p>&#8211; selezionare i moduli scelti\u00a0(AGGIUNGI); in basso \u00e8 anche possibile selezionare le serie storiche e il software Metastock 11, poi cliccare su AVANTI.<\/p><p>\u00e2\u20ac\u201c fill in the form with your details<\/p><p>&#8211; selezionare poi la modalit\u00e0 di pagamento (bonifico bancario o carta di credito)<\/p><p>\u00e2\u20ac\u201c at the end you can download the membership form in PDF format which must be signed twice and sent by fax (0461-984060) or scanned by email.<\/p><p>Il servizio dati sar\u00e0 attivato entro 24 ore.<\/p><\/div>\n\t\t\t\t<\/div>\n\t\t\t\t\t\t\t<div class=\"elementor-accordion-item\">\n\t\t\t\t\t<div id=\"elementor-tab-title-3642\" class=\"elementor-tab-title\" data-tab=\"2\" role=\"button\" aria-controls=\"elementor-tab-content-3642\" aria-expanded=\"false\">\n\t\t\t\t\t\t\t\t\t\t\t\t\t<span class=\"elementor-accordion-icon elementor-accordion-icon-left\" aria-hidden=\"true\">\n\t\t\t\t\t\t\t\t\t\t\t\t\t\t\t<span class=\"elementor-accordion-icon-closed\"><svg class=\"e-font-icon-svg e-fas-plus\" viewbox=\"0 0 448 512\" xmlns=\"http:\/\/www.w3.org\/2000\/svg\"><path d=\"M416 208H272V64c0-17.67-14.33-32-32-32h-32c-17.67 0-32 14.33-32 32v144H32c-17.67 0-32 14.33-32 32v32c0 17.67 14.33 32 32 32h144v144c0 17.67 14.33 32 32 32h32c17.67 0 32-14.33 32-32V304h144c17.67 0 32-14.33 32-32v-32c0-17.67-14.33-32-32-32z\"><\/path><\/svg><\/span>\n\t\t\t\t\t\t\t\t<span class=\"elementor-accordion-icon-opened\"><svg class=\"e-font-icon-svg e-fas-minus\" viewbox=\"0 0 448 512\" xmlns=\"http:\/\/www.w3.org\/2000\/svg\"><path d=\"M416 208H32c-17.67 0-32 14.33-32 32v32c0 17.67 14.33 32 32 32h384c17.67 0 32-14.33 32-32v-32c0-17.67-14.33-32-32-32z\"><\/path><\/svg><\/span>\n\t\t\t\t\t\t\t\t\t\t\t\t\t\t<\/span>\n\t\t\t\t\t\t\t\t\t\t\t\t<a class=\"elementor-accordion-title\" tabindex=\"0\">Cos'\u00e8 il modulo SICAV Professional ?<\/a>\n\t\t\t\t\t<\/div>\n\t\t\t\t\t<div id=\"elementor-tab-content-3642\" class=\"elementor-tab-content elementor-clearfix\" data-tab=\"2\" role=\"region\" aria-labelledby=\"elementor-tab-title-3642\"><p>E&#8217; un modulo che comprende tutte le SICAV e fondi, con tutte le classi di negoziazione, ordinati per nome della societ\u00e0 di gestione. E&#8217; rivolto a coloro che necessitano di un servizio completo ad uso professionale.<\/p><p>The main SICAVs and funds are always provided in the BASE service.<\/p><\/div>\n\t\t\t\t<\/div>\n\t\t\t\t\t\t\t\t<\/div>\n\t\t\t\t\t\t<\/div>\n\t\t\t\t<\/div>\n\t\t\t\t<\/div>\n\t\t\t\t<\/div>","protected":false},"excerpt":{"rendered":"<p>SUPPORT COMMERCIAL QUESTIONS Welcome to our commercial support page<\/p>","protected":false},"author":1,"featured_media":0,"parent":0,"menu_order":0,"comment_status":"closed","ping_status":"closed","template":"elementor_header_footer","meta":{"footnotes":""},"class_list":["post-817","page","type-page","status-publish","hentry"],"yoast_head":"<!-- This site is optimized with the Yoast SEO plugin v27.1.1 - https:\/\/yoast.com\/product\/yoast-seo-wordpress\/ -->\n<title>Domande Commerciali - Prezzi e Abbonamenti | Bull &amp; Bear Finance<\/title>\n<meta name=\"description\" content=\"FAQ commerciali: prezzi, abbonamenti, modalit\u00e0 di pagamento e condizioni del servizio dati finanziari Bull &amp; Bear.\" \/>\n<meta name=\"robots\" content=\"index, follow, max-snippet:-1, max-image-preview:large, max-video-preview:-1\" \/>\n<link rel=\"canonical\" href=\"https:\/\/bbfinance.net\/en\/domande-commerciali\/\" \/>\n<meta property=\"og:locale\" content=\"en_GB\" \/>\n<meta property=\"og:type\" content=\"article\" \/>\n<meta property=\"og:title\" content=\"Domande Commerciali - Prezzi e Abbonamenti | Bull &amp; Bear Finance\" \/>\n<meta property=\"og:description\" content=\"FAQ commerciali: prezzi, abbonamenti, modalit\u00e0 di pagamento e condizioni del servizio dati finanziari Bull &amp; Bear.\" \/>\n<meta property=\"og:url\" content=\"https:\/\/bbfinance.net\/en\/domande-commerciali\/\" \/>\n<meta property=\"og:site_name\" content=\"BBFINANCE\" \/>\n<meta property=\"article:modified_time\" content=\"2025-03-22T12:56:50+00:00\" \/>\n<meta name=\"twitter:card\" content=\"summary_large_image\" \/>\n<meta name=\"twitter:label1\" content=\"Estimated reading time\" \/>\n\t<meta name=\"twitter:data1\" content=\"2 minutes\" \/>\n<script type=\"application\/ld+json\" class=\"yoast-schema-graph\">{\"@context\":\"https:\/\/schema.org\",\"@graph\":[{\"@type\":\"WebPage\",\"@id\":\"https:\/\/bbfinance.net\/domande-commerciali\/\",\"url\":\"https:\/\/bbfinance.net\/domande-commerciali\/\",\"name\":\"Domande Commerciali - Prezzi e Abbonamenti | Bull & Bear Finance\",\"isPartOf\":{\"@id\":\"https:\/\/bbfinance.net\/#website\"},\"datePublished\":\"2024-03-18T16:21:58+00:00\",\"dateModified\":\"2025-03-22T12:56:50+00:00\",\"description\":\"FAQ commerciali: prezzi, abbonamenti, modalit\u00e0 di pagamento e condizioni del servizio dati finanziari Bull & Bear.\",\"breadcrumb\":{\"@id\":\"https:\/\/bbfinance.net\/domande-commerciali\/#breadcrumb\"},\"inLanguage\":\"en-GB\",\"potentialAction\":[{\"@type\":\"ReadAction\",\"target\":[\"https:\/\/bbfinance.net\/domande-commerciali\/\"]}]},{\"@type\":\"BreadcrumbList\",\"@id\":\"https:\/\/bbfinance.net\/domande-commerciali\/#breadcrumb\",\"itemListElement\":[{\"@type\":\"ListItem\",\"position\":1,\"name\":\"Home\",\"item\":\"https:\/\/bbfinance.net\/\"},{\"@type\":\"ListItem\",\"position\":2,\"name\":\"domande-commerciali\"}]},{\"@type\":\"WebSite\",\"@id\":\"https:\/\/bbfinance.net\/#website\",\"url\":\"https:\/\/bbfinance.net\/\",\"name\":\"BBFINANCE\",\"description\":\"\",\"publisher\":{\"@id\":\"https:\/\/bbfinance.net\/#organization\"},\"potentialAction\":[{\"@type\":\"SearchAction\",\"target\":{\"@type\":\"EntryPoint\",\"urlTemplate\":\"https:\/\/bbfinance.net\/?s={search_term_string}\"},\"query-input\":{\"@type\":\"PropertyValueSpecification\",\"valueRequired\":true,\"valueName\":\"search_term_string\"}}],\"inLanguage\":\"en-GB\"},{\"@type\":\"Organization\",\"@id\":\"https:\/\/bbfinance.net\/#organization\",\"name\":\"BBFINANCE\",\"url\":\"https:\/\/bbfinance.net\/\",\"logo\":{\"@type\":\"ImageObject\",\"inLanguage\":\"en-GB\",\"@id\":\"https:\/\/bbfinance.net\/#\/schema\/logo\/image\/\",\"url\":\"https:\/\/bbfinance.net\/wp-content\/uploads\/2025\/04\/logo_small.png\",\"contentUrl\":\"https:\/\/bbfinance.net\/wp-content\/uploads\/2025\/04\/logo_small.png\",\"width\":69,\"height\":40,\"caption\":\"BBFINANCE\"},\"image\":{\"@id\":\"https:\/\/bbfinance.net\/#\/schema\/logo\/image\/\"}}]}<\/script>\n<!-- \/ Yoast SEO plugin. -->","yoast_head_json":{"title":"Domande Commerciali - Prezzi e Abbonamenti | Bull & Bear Finance","description":"FAQ commerciali: prezzi, abbonamenti, modalit\u00e0 di pagamento e condizioni del servizio dati finanziari Bull & Bear.","robots":{"index":"index","follow":"follow","max-snippet":"max-snippet:-1","max-image-preview":"max-image-preview:large","max-video-preview":"max-video-preview:-1"},"canonical":"https:\/\/bbfinance.net\/en\/domande-commerciali\/","og_locale":"en_GB","og_type":"article","og_title":"Domande Commerciali - Prezzi e Abbonamenti | Bull & Bear Finance","og_description":"FAQ commerciali: prezzi, abbonamenti, modalit\u00e0 di pagamento e condizioni del servizio dati finanziari Bull & Bear.","og_url":"https:\/\/bbfinance.net\/en\/domande-commerciali\/","og_site_name":"BBFINANCE","article_modified_time":"2025-03-22T12:56:50+00:00","twitter_card":"summary_large_image","twitter_misc":{"Estimated reading time":"2 minutes"},"schema":{"@context":"https:\/\/schema.org","@graph":[{"@type":"WebPage","@id":"https:\/\/bbfinance.net\/domande-commerciali\/","url":"https:\/\/bbfinance.net\/domande-commerciali\/","name":"Domande Commerciali - Prezzi e Abbonamenti | Bull & Bear Finance","isPartOf":{"@id":"https:\/\/bbfinance.net\/#website"},"datePublished":"2024-03-18T16:21:58+00:00","dateModified":"2025-03-22T12:56:50+00:00","description":"FAQ commerciali: prezzi, abbonamenti, modalit\u00e0 di pagamento e condizioni del servizio dati finanziari Bull & Bear.","breadcrumb":{"@id":"https:\/\/bbfinance.net\/domande-commerciali\/#breadcrumb"},"inLanguage":"en-GB","potentialAction":[{"@type":"ReadAction","target":["https:\/\/bbfinance.net\/domande-commerciali\/"]}]},{"@type":"BreadcrumbList","@id":"https:\/\/bbfinance.net\/domande-commerciali\/#breadcrumb","itemListElement":[{"@type":"ListItem","position":1,"name":"Home","item":"https:\/\/bbfinance.net\/"},{"@type":"ListItem","position":2,"name":"domande-commerciali"}]},{"@type":"WebSite","@id":"https:\/\/bbfinance.net\/#website","url":"https:\/\/bbfinance.net\/","name":"BBFINANCE","description":"","publisher":{"@id":"https:\/\/bbfinance.net\/#organization"},"potentialAction":[{"@type":"SearchAction","target":{"@type":"EntryPoint","urlTemplate":"https:\/\/bbfinance.net\/?s={search_term_string}"},"query-input":{"@type":"PropertyValueSpecification","valueRequired":true,"valueName":"search_term_string"}}],"inLanguage":"en-GB"},{"@type":"Organization","@id":"https:\/\/bbfinance.net\/#organization","name":"BBFINANCE","url":"https:\/\/bbfinance.net\/","logo":{"@type":"ImageObject","inLanguage":"en-GB","@id":"https:\/\/bbfinance.net\/#\/schema\/logo\/image\/","url":"https:\/\/bbfinance.net\/wp-content\/uploads\/2025\/04\/logo_small.png","contentUrl":"https:\/\/bbfinance.net\/wp-content\/uploads\/2025\/04\/logo_small.png","width":69,"height":40,"caption":"BBFINANCE"},"image":{"@id":"https:\/\/bbfinance.net\/#\/schema\/logo\/image\/"}}]}},"_links":{"self":[{"href":"https:\/\/bbfinance.net\/en\/wp-json\/wp\/v2\/pages\/817","targetHints":{"allow":["GET"]}}],"collection":[{"href":"https:\/\/bbfinance.net\/en\/wp-json\/wp\/v2\/pages"}],"about":[{"href":"https:\/\/bbfinance.net\/en\/wp-json\/wp\/v2\/types\/page"}],"author":[{"embeddable":true,"href":"https:\/\/bbfinance.net\/en\/wp-json\/wp\/v2\/users\/1"}],"replies":[{"embeddable":true,"href":"https:\/\/bbfinance.net\/en\/wp-json\/wp\/v2\/comments?post=817"}],"version-history":[{"count":17,"href":"https:\/\/bbfinance.net\/en\/wp-json\/wp\/v2\/pages\/817\/revisions"}],"predecessor-version":[{"id":1474,"href":"https:\/\/bbfinance.net\/en\/wp-json\/wp\/v2\/pages\/817\/revisions\/1474"}],"wp:attachment":[{"href":"https:\/\/bbfinance.net\/en\/wp-json\/wp\/v2\/media?parent=817"}],"curies":[{"name":"wp","href":"https:\/\/api.w.org\/{rel}","templated":true}]}}